{"id":2309,"date":"2024-12-10T09:54:00","date_gmt":"2024-12-10T09:54:00","guid":{"rendered":"https:\/\/fahrschule-schleich.de\/?page_id=2309"},"modified":"2025-05-21T09:22:39","modified_gmt":"2025-05-21T07:22:39","slug":"oeffnungszeiten","status":"publish","type":"page","link":"https:\/\/fahrschule-schleich.de\/?page_id=2309","title":{"rendered":"\u00d6ffnungszeiten"},"content":{"rendered":"\t\t<div data-elementor-type=\"wp-page\" data-elementor-id=\"2309\" class=\"elementor elementor-2309\">\n\t\t\t\t\t\t<section class=\"elementor-section elementor-top-section elementor-element elementor-element-887930e elementor-section-boxed elementor-section-height-default elementor-section-height-default\" data-id=\"887930e\" data-element_type=\"section\" data-e-type=\"section\">\n\t\t\t\t\t\t<div class=\"elementor-container elementor-column-gap-default\">\n\t\t\t\t\t<div class=\"elementor-column elementor-col-100 elementor-top-column elementor-element elementor-element-c37f527\" data-id=\"c37f527\" data-element_type=\"column\" data-e-type=\"column\">\n\t\t\t<div class=\"elementor-widget-wrap elementor-element-populated\">\n\t\t\t\t\t\t<div class=\"elementor-element elementor-element-add421b elementor-widget elementor-widget-heading\" data-id=\"add421b\" data-element_type=\"widget\" data-e-type=\"widget\" data-widget_type=\"heading.default\">\n\t\t\t\t<div class=\"elementor-widget-container\">\n\t\t\t\t\t<h2 class=\"elementor-heading-title elementor-size-default\">Alle \u00d6ffnungszeiten aller Filialen auf einen Blick.<\/h2>\t\t\t\t<\/div>\n\t\t\t\t<\/div>\n\t\t\t\t\t<\/div>\n\t\t<\/div>\n\t\t\t\t\t<\/div>\n\t\t<\/section>\n\t\t\t\t<section class=\"elementor-section elementor-top-section elementor-element elementor-element-57a2b94 elementor-section-boxed elementor-section-height-default elementor-section-height-default\" data-id=\"57a2b94\" data-element_type=\"section\" data-e-type=\"section\">\n\t\t\t\t\t\t<div class=\"elementor-container elementor-column-gap-default\">\n\t\t\t\t\t<div class=\"elementor-column elementor-col-50 elementor-top-column elementor-element elementor-element-5337b59\" data-id=\"5337b59\" data-element_type=\"column\" data-e-type=\"column\">\n\t\t\t<div class=\"elementor-widget-wrap elementor-element-populated\">\n\t\t\t\t\t\t<div class=\"elementor-element elementor-element-5206d50 elementor-widget elementor-widget-text-editor\" data-id=\"5206d50\" data-element_type=\"widget\" data-e-type=\"widget\" data-widget_type=\"text-editor.default\">\n\t\t\t\t<div class=\"elementor-widget-container\">\n\t\t\t\t\t\t\t\t\t<h3>Mainz- Finthen<\/h3><p><strong>Anmeldung<br \/><\/strong>Dienstag: 16 \u2013 18.30 Uhr<\/p><p><strong>Oder nach Vereinbarung<\/strong><\/p><p><strong><br \/>Theorie Unterricht<br \/><\/strong>Dienstag: 18.30 \u2013 20.00 Uhr<\/p>\t\t\t\t\t\t\t\t<\/div>\n\t\t\t\t<\/div>\n\t\t\t\t\t<\/div>\n\t\t<\/div>\n\t\t\t\t<div class=\"elementor-column elementor-col-50 elementor-top-column elementor-element elementor-element-1f3f2de\" data-id=\"1f3f2de\" data-element_type=\"column\" data-e-type=\"column\">\n\t\t\t<div class=\"elementor-widget-wrap elementor-element-populated\">\n\t\t\t\t\t\t<div class=\"elementor-element elementor-element-8238b89 elementor-widget elementor-widget-text-editor\" data-id=\"8238b89\" data-element_type=\"widget\" data-e-type=\"widget\" data-widget_type=\"text-editor.default\">\n\t\t\t\t<div class=\"elementor-widget-container\">\n\t\t\t\t\t\t\t\t\t<h3>Mainz- Drais<\/h3><h3><strong>Wegen Renovierungsarbeiten wird der Unterricht in die Filiale Hartenberg Verlegt.<\/strong><\/h3><p><strong>Anmeldung<br \/><\/strong>Montag: 17.00 \u2013 18.30 Uhr<\/p><p><strong>Oder nach Vereinbarung<\/strong><\/p><p><strong>Theorie Unterricht<br \/><\/strong>Montag: 18.30 \u2013 20.00 Uhr<\/p>\t\t\t\t\t\t\t\t<\/div>\n\t\t\t\t<\/div>\n\t\t\t\t\t<\/div>\n\t\t<\/div>\n\t\t\t\t\t<\/div>\n\t\t<\/section>\n\t\t\t\t<section class=\"elementor-section elementor-top-section elementor-element elementor-element-6296950 elementor-section-boxed elementor-section-height-default elementor-section-height-default\" data-id=\"6296950\" data-element_type=\"section\" data-e-type=\"section\">\n\t\t\t\t\t\t<div class=\"elementor-container elementor-column-gap-default\">\n\t\t\t\t\t<div class=\"elementor-column elementor-col-50 elementor-top-column elementor-element elementor-element-b904b6b\" data-id=\"b904b6b\" data-element_type=\"column\" data-e-type=\"column\">\n\t\t\t<div class=\"elementor-widget-wrap elementor-element-populated\">\n\t\t\t\t\t\t<div class=\"elementor-element elementor-element-df8fba9 elementor-widget elementor-widget-text-editor\" data-id=\"df8fba9\" data-element_type=\"widget\" data-e-type=\"widget\" data-widget_type=\"text-editor.default\">\n\t\t\t\t<div class=\"elementor-widget-container\">\n\t\t\t\t\t\t\t\t\t<h3>Mainz- Gonsenheim<\/h3><p><strong>Anmeldung<\/strong><br \/>Donnerstag: 16.00 \u2013 18.30 Uhr<\/p><p><strong>Oder nach Vereinbarung<\/strong><\/p><p><strong>Theorie Unterricht<\/strong><br \/>Donnerstag: 18.30 \u2013 20.00 Uhr<\/p>\t\t\t\t\t\t\t\t<\/div>\n\t\t\t\t<\/div>\n\t\t\t\t\t<\/div>\n\t\t<\/div>\n\t\t\t\t<div class=\"elementor-column elementor-col-50 elementor-top-column elementor-element elementor-element-0ab6623\" data-id=\"0ab6623\" data-element_type=\"column\" data-e-type=\"column\">\n\t\t\t<div class=\"elementor-widget-wrap elementor-element-populated\">\n\t\t\t\t\t\t<div class=\"elementor-element elementor-element-a8ac6f9 elementor-widget elementor-widget-text-editor\" data-id=\"a8ac6f9\" data-element_type=\"widget\" data-e-type=\"widget\" data-widget_type=\"text-editor.default\">\n\t\t\t\t<div class=\"elementor-widget-container\">\n\t\t\t\t\t\t\t\t\t<h3>Mainz- Hartenberg<\/h3><p><strong>Anmeldung<\/strong><br \/>Mittwoch: 10.00 \u2013 18.30 Uhr<br \/>Donnerstag: 10.00 \u2013 15.00 Uhr<\/p><p><strong>Oder nach Vereinbarung<\/strong><\/p><p><strong>Theorie Unterricht<\/strong><br \/>Mittwoch: 18.30 \u2013 20.00 Uhr<\/p>\t\t\t\t\t\t\t\t<\/div>\n\t\t\t\t<\/div>\n\t\t\t\t\t<\/div>\n\t\t<\/div>\n\t\t\t\t\t<\/div>\n\t\t<\/section>\n\t\t\t\t<section class=\"elementor-section elementor-top-section elementor-element elementor-element-e8d882a elementor-section-boxed elementor-section-height-default elementor-section-height-default\" data-id=\"e8d882a\" data-element_type=\"section\" data-e-type=\"section\">\n\t\t\t\t\t\t<div class=\"elementor-container elementor-column-gap-default\">\n\t\t\t\t\t<div class=\"elementor-column elementor-col-100 elementor-top-column elementor-element elementor-element-66b2398\" data-id=\"66b2398\" data-element_type=\"column\" data-e-type=\"column\">\n\t\t\t<div class=\"elementor-widget-wrap elementor-element-populated\">\n\t\t\t\t\t\t<div class=\"elementor-element elementor-element-6997b0b elementor-widget elementor-widget-text-editor\" data-id=\"6997b0b\" data-element_type=\"widget\" data-e-type=\"widget\" data-widget_type=\"text-editor.default\">\n\t\t\t\t<div class=\"elementor-widget-container\">\n\t\t\t\t\t\t\t\t\t<h3>Mainz- Mombach<\/h3><p><strong>Anmeldung<\/strong><\/p><p><strong>!!! Nach Vereinabrung !!!<br \/><\/strong><\/p><p><strong>Theorie Unterricht<\/strong><\/p><p>Nach Vereinabrung<\/p>\t\t\t\t\t\t\t\t<\/div>\n\t\t\t\t<\/div>\n\t\t\t\t\t<\/div>\n\t\t<\/div>\n\t\t\t\t\t<\/div>\n\t\t<\/section>\n\t\t\t\t<section class=\"elementor-section elementor-top-section elementor-element elementor-element-b458830 elementor-section-boxed elementor-section-height-default elementor-section-height-default\" data-id=\"b458830\" data-element_type=\"section\" data-e-type=\"section\">\n\t\t\t\t\t\t<div class=\"elementor-container elementor-column-gap-default\">\n\t\t\t\t\t<div class=\"elementor-column elementor-col-100 elementor-top-column elementor-element elementor-element-069bb86\" data-id=\"069bb86\" data-element_type=\"column\" data-e-type=\"column\">\n\t\t\t<div class=\"elementor-widget-wrap elementor-element-populated\">\n\t\t\t\t\t\t<div class=\"elementor-element elementor-element-9df9aa8 elementor-widget elementor-widget-text-editor\" data-id=\"9df9aa8\" data-element_type=\"widget\" data-e-type=\"widget\" data-widget_type=\"text-editor.default\">\n\t\t\t\t<div class=\"elementor-widget-container\">\n\t\t\t\t\t\t\t\t\t<p>Wenn Du wissen m\u00f6chtest wann welche Themen in welcher Filiale unterrichtet werden, dann kannst Du dies <span style=\"text-decoration: underline;\"><strong><a href=\"\/ausbildung\/theorieuebersicht\/\">hier<\/a><\/strong><\/span> erfahren.<\/p>\t\t\t\t\t\t\t\t<\/div>\n\t\t\t\t<\/div>\n\t\t\t\t\t<\/div>\n\t\t<\/div>\n\t\t\t\t\t<\/div>\n\t\t<\/section>\n\t\t\t\t<\/div>\n\t\t","protected":false},"excerpt":{"rendered":"<p>Alle \u00d6ffnungszeiten aller Filialen auf einen Blick. Mainz- Finthen AnmeldungDienstag: 16 \u2013 18.30 Uhr Oder nach Vereinbarung Theorie UnterrichtDienstag: 18.30 \u2013 20.00 Uhr Mainz- Drais Wegen Renovierungsarbeiten wird der Unterricht in die Filiale Hartenberg Verlegt. AnmeldungMontag: 17.00 \u2013 18.30 Uhr Oder nach Vereinbarung Theorie UnterrichtMontag: 18.30 \u2013 20.00 Uhr Mainz- Gonsenheim AnmeldungDonnerstag: 16.00 \u2013 18.30 [&hellip;]<\/p>\n","protected":false},"author":3,"featured_media":0,"parent":2292,"menu_order":0,"comment_status":"closed","ping_status":"closed","template":"","meta":{"footnotes":""},"class_list":["post-2309","page","type-page","status-publish","hentry"],"yoast_head":"<!-- This site is optimized with the Yoast SEO plugin v27.4 - https:\/\/yoast.com\/product\/yoast-seo-wordpress\/ -->\n<title>\u00d6ffnungszeiten - Fahrschule-Schleich<\/title>\n<meta name=\"description\" content=\"Wann haben unsere Filialen ge\u00f6ffnet? Hier hast Du einen \u00dcberblick wann Anmeldungen\/Beratungen sowie der Unterricht statt finden.\" \/>\n<meta name=\"robots\" content=\"index, follow, max-snippet:-1, max-image-preview:large, max-video-preview:-1\" \/>\n<link rel=\"canonical\" href=\"https:\/\/fahrschule-schleich.de\/?page_id=2309\" \/>\n<meta property=\"og:locale\" content=\"de_DE\" \/>\n<meta property=\"og:type\" content=\"article\" \/>\n<meta property=\"og:title\" content=\"\u00d6ffnungszeiten - Fahrschule-Schleich\" \/>\n<meta property=\"og:description\" content=\"Wann haben unsere Filialen ge\u00f6ffnet? Hier hast Du einen \u00dcberblick wann Anmeldungen\/Beratungen sowie der Unterricht statt finden.\" \/>\n<meta property=\"og:url\" content=\"https:\/\/fahrschule-schleich.de\/?page_id=2309\" \/>\n<meta property=\"og:site_name\" content=\"Fahrschule-Schleich\" \/>\n<meta property=\"article:publisher\" content=\"https:\/\/www.facebook.com\/FahrschuleSchleich\/\" \/>\n<meta property=\"article:modified_time\" content=\"2025-05-21T07:22:39+00:00\" \/>\n<meta property=\"og:image\" content=\"https:\/\/i0.wp.com\/fahrschule-schleich.de\/wp-content\/uploads\/2023\/04\/startslide.png?fit=1920%2C815&ssl=1\" \/>\n\t<meta property=\"og:image:width\" content=\"1920\" \/>\n\t<meta property=\"og:image:height\" content=\"815\" \/>\n\t<meta property=\"og:image:type\" content=\"image\/png\" \/>\n<meta name=\"twitter:card\" content=\"summary_large_image\" \/>\n<meta name=\"twitter:label1\" content=\"Gesch\u00e4tzte Lesezeit\" \/>\n\t<meta name=\"twitter:data1\" content=\"1\u00a0Minute\" \/>\n<script type=\"application\/ld+json\" class=\"yoast-schema-graph\">{\"@context\":\"https:\\\/\\\/schema.org\",\"@graph\":[{\"@type\":\"WebPage\",\"@id\":\"https:\\\/\\\/fahrschule-schleich.de\\\/?page_id=2309\",\"url\":\"https:\\\/\\\/fahrschule-schleich.de\\\/?page_id=2309\",\"name\":\"\u00d6ffnungszeiten - Fahrschule-Schleich\",\"isPartOf\":{\"@id\":\"https:\\\/\\\/fahrschule-schleich.de\\\/#website\"},\"datePublished\":\"2024-12-10T09:54:00+00:00\",\"dateModified\":\"2025-05-21T07:22:39+00:00\",\"description\":\"Wann haben unsere Filialen ge\u00f6ffnet? Hier hast Du einen \u00dcberblick wann Anmeldungen\\\/Beratungen sowie der Unterricht statt finden.\",\"breadcrumb\":{\"@id\":\"https:\\\/\\\/fahrschule-schleich.de\\\/?page_id=2309#breadcrumb\"},\"inLanguage\":\"de\",\"potentialAction\":[{\"@type\":\"ReadAction\",\"target\":[\"https:\\\/\\\/fahrschule-schleich.de\\\/?page_id=2309\"]}]},{\"@type\":\"BreadcrumbList\",\"@id\":\"https:\\\/\\\/fahrschule-schleich.de\\\/?page_id=2309#breadcrumb\",\"itemListElement\":[{\"@type\":\"ListItem\",\"position\":1,\"name\":\"Home\",\"item\":\"https:\\\/\\\/fahrschule-schleich.de\\\/\"},{\"@type\":\"ListItem\",\"position\":2,\"name\":\"Ausbildung\",\"item\":\"https:\\\/\\\/fahrschule-schleich.de\\\/?page_id=2292\"},{\"@type\":\"ListItem\",\"position\":3,\"name\":\"\u00d6ffnungszeiten\"}]},{\"@type\":\"WebSite\",\"@id\":\"https:\\\/\\\/fahrschule-schleich.de\\\/#website\",\"url\":\"https:\\\/\\\/fahrschule-schleich.de\\\/\",\"name\":\"Fahrschule Schleich\",\"description\":\"Der Name ist jedoch NICHT Programm!\",\"publisher\":{\"@id\":\"https:\\\/\\\/fahrschule-schleich.de\\\/#organization\"},\"alternateName\":\"Fahrschule-Schleich\",\"potentialAction\":[{\"@type\":\"SearchAction\",\"target\":{\"@type\":\"EntryPoint\",\"urlTemplate\":\"https:\\\/\\\/fahrschule-schleich.de\\\/?s={search_term_string}\"},\"query-input\":{\"@type\":\"PropertyValueSpecification\",\"valueRequired\":true,\"valueName\":\"search_term_string\"}}],\"inLanguage\":\"de\"},{\"@type\":\"Organization\",\"@id\":\"https:\\\/\\\/fahrschule-schleich.de\\\/#organization\",\"name\":\"Fahrschule Schleich\",\"url\":\"https:\\\/\\\/fahrschule-schleich.de\\\/\",\"logo\":{\"@type\":\"ImageObject\",\"inLanguage\":\"de\",\"@id\":\"https:\\\/\\\/fahrschule-schleich.de\\\/#\\\/schema\\\/logo\\\/image\\\/\",\"url\":\"https:\\\/\\\/i0.wp.com\\\/fahrschule-schleich.de\\\/wp-content\\\/uploads\\\/2023\\\/03\\\/fs_logo.png?fit=983%2C495&ssl=1\",\"contentUrl\":\"https:\\\/\\\/i0.wp.com\\\/fahrschule-schleich.de\\\/wp-content\\\/uploads\\\/2023\\\/03\\\/fs_logo.png?fit=983%2C495&ssl=1\",\"width\":983,\"height\":495,\"caption\":\"Fahrschule Schleich\"},\"image\":{\"@id\":\"https:\\\/\\\/fahrschule-schleich.de\\\/#\\\/schema\\\/logo\\\/image\\\/\"},\"sameAs\":[\"https:\\\/\\\/www.facebook.com\\\/FahrschuleSchleich\\\/\",\"https:\\\/\\\/www.instagram.com\\\/fahrschuleschleich\\\/\"]}]}<\/script>\n<!-- \/ Yoast SEO plugin. -->","yoast_head_json":{"title":"\u00d6ffnungszeiten - Fahrschule-Schleich","description":"Wann haben unsere Filialen ge\u00f6ffnet? Hier hast Du einen \u00dcberblick wann Anmeldungen\/Beratungen sowie der Unterricht statt finden.","robots":{"index":"index","follow":"follow","max-snippet":"max-snippet:-1","max-image-preview":"max-image-preview:large","max-video-preview":"max-video-preview:-1"},"canonical":"https:\/\/fahrschule-schleich.de\/?page_id=2309","og_locale":"de_DE","og_type":"article","og_title":"\u00d6ffnungszeiten - Fahrschule-Schleich","og_description":"Wann haben unsere Filialen ge\u00f6ffnet? Hier hast Du einen \u00dcberblick wann Anmeldungen\/Beratungen sowie der Unterricht statt finden.","og_url":"https:\/\/fahrschule-schleich.de\/?page_id=2309","og_site_name":"Fahrschule-Schleich","article_publisher":"https:\/\/www.facebook.com\/FahrschuleSchleich\/","article_modified_time":"2025-05-21T07:22:39+00:00","og_image":[{"width":1920,"height":815,"url":"https:\/\/i0.wp.com\/fahrschule-schleich.de\/wp-content\/uploads\/2023\/04\/startslide.png?fit=1920%2C815&ssl=1","type":"image\/png"}],"twitter_card":"summary_large_image","twitter_misc":{"Gesch\u00e4tzte Lesezeit":"1\u00a0Minute"},"schema":{"@context":"https:\/\/schema.org","@graph":[{"@type":"WebPage","@id":"https:\/\/fahrschule-schleich.de\/?page_id=2309","url":"https:\/\/fahrschule-schleich.de\/?page_id=2309","name":"\u00d6ffnungszeiten - Fahrschule-Schleich","isPartOf":{"@id":"https:\/\/fahrschule-schleich.de\/#website"},"datePublished":"2024-12-10T09:54:00+00:00","dateModified":"2025-05-21T07:22:39+00:00","description":"Wann haben unsere Filialen ge\u00f6ffnet? Hier hast Du einen \u00dcberblick wann Anmeldungen\/Beratungen sowie der Unterricht statt finden.","breadcrumb":{"@id":"https:\/\/fahrschule-schleich.de\/?page_id=2309#breadcrumb"},"inLanguage":"de","potentialAction":[{"@type":"ReadAction","target":["https:\/\/fahrschule-schleich.de\/?page_id=2309"]}]},{"@type":"BreadcrumbList","@id":"https:\/\/fahrschule-schleich.de\/?page_id=2309#breadcrumb","itemListElement":[{"@type":"ListItem","position":1,"name":"Home","item":"https:\/\/fahrschule-schleich.de\/"},{"@type":"ListItem","position":2,"name":"Ausbildung","item":"https:\/\/fahrschule-schleich.de\/?page_id=2292"},{"@type":"ListItem","position":3,"name":"\u00d6ffnungszeiten"}]},{"@type":"WebSite","@id":"https:\/\/fahrschule-schleich.de\/#website","url":"https:\/\/fahrschule-schleich.de\/","name":"Fahrschule Schleich","description":"Der Name ist jedoch NICHT Programm!","publisher":{"@id":"https:\/\/fahrschule-schleich.de\/#organization"},"alternateName":"Fahrschule-Schleich","potentialAction":[{"@type":"SearchAction","target":{"@type":"EntryPoint","urlTemplate":"https:\/\/fahrschule-schleich.de\/?s={search_term_string}"},"query-input":{"@type":"PropertyValueSpecification","valueRequired":true,"valueName":"search_term_string"}}],"inLanguage":"de"},{"@type":"Organization","@id":"https:\/\/fahrschule-schleich.de\/#organization","name":"Fahrschule Schleich","url":"https:\/\/fahrschule-schleich.de\/","logo":{"@type":"ImageObject","inLanguage":"de","@id":"https:\/\/fahrschule-schleich.de\/#\/schema\/logo\/image\/","url":"https:\/\/i0.wp.com\/fahrschule-schleich.de\/wp-content\/uploads\/2023\/03\/fs_logo.png?fit=983%2C495&ssl=1","contentUrl":"https:\/\/i0.wp.com\/fahrschule-schleich.de\/wp-content\/uploads\/2023\/03\/fs_logo.png?fit=983%2C495&ssl=1","width":983,"height":495,"caption":"Fahrschule Schleich"},"image":{"@id":"https:\/\/fahrschule-schleich.de\/#\/schema\/logo\/image\/"},"sameAs":["https:\/\/www.facebook.com\/FahrschuleSchleich\/","https:\/\/www.instagram.com\/fahrschuleschleich\/"]}]}},"jetpack-related-posts":[{"id":3708,"url":"https:\/\/fahrschule-schleich.de\/?page_id=3708","url_meta":{"origin":2309,"position":0},"title":"Ferienkurs vom 04.07 bis 11.07.25","author":"Rene Neubauer","date":"Juni 4, 2025","format":false,"excerpt":"Erstmals bieten wir euch in den kommenden Sommerferien, einen einw\u00f6chigen Ferienkurs f\u00fcr den Theorieunterricht an.Wenn ihr Interesse daran habt eure Theorie innerhalb von 7 Tagen abzuschlie\u00dfen, k\u00f6nnt ihr das bei uns mit Start des letzten Schultages, vor den Sommerferien in die Tat umsetzen.Der Ferienkurs findet in der Filiale am Dr.-Martin-Luther-King-Weg\u2026","rel":"","context":"\u00c4hnlicher Beitrag","block_context":{"text":"\u00c4hnlicher Beitrag","link":""},"img":{"alt_text":"","src":"","width":0,"height":0},"classes":[]},{"id":8,"url":"https:\/\/fahrschule-schleich.de\/","url_meta":{"origin":2309,"position":1},"title":"Home","author":"","date":"Dezember 10, 2024","format":false,"excerpt":"3Fahrlehrer 50Jahre Erfahrung 3Filialen Herzlich Willkommen auf der Website der Fahrschule Schleich.Wir sind mit vier Zweigstellen in Mainz vertreten.Das bedeutet f\u00fcr dich:Du kannst dich jeden Tag, pers\u00f6nlich sowie fachkompetent von uns beraten lassen. Hier erkl\u00e4ren wir dir, was du f\u00fcr die theoretische und praktische Ausbildung, der jeweiligen F\u00fchrerscheinklasse ben\u00f6tigst. Wenn\u2026","rel":"","context":"\u00c4hnlicher Beitrag","block_context":{"text":"\u00c4hnlicher Beitrag","link":""},"img":{"alt_text":"","src":"https:\/\/i0.wp.com\/fahrschule-schleich.de\/wp-content\/uploads\/2026\/04\/Intensivkurs-2-768x960.png?resize=350%2C200&ssl=1","width":350,"height":200,"srcset":"https:\/\/i0.wp.com\/fahrschule-schleich.de\/wp-content\/uploads\/2026\/04\/Intensivkurs-2-768x960.png?resize=350%2C200&ssl=1 1x, https:\/\/i0.wp.com\/fahrschule-schleich.de\/wp-content\/uploads\/2026\/04\/Intensivkurs-2-768x960.png?resize=525%2C300&ssl=1 1.5x"},"classes":[]},{"id":2314,"url":"https:\/\/fahrschule-schleich.de\/?page_id=2314","url_meta":{"origin":2309,"position":2},"title":"Theorie\u00fcbersicht","author":"","date":"Dezember 10, 2024","format":false,"excerpt":"Ab dem 23.03.2026 beginnt unser n\u00e4chster Intensivkurs. Diesmal in der Filiale in Mainz-GonsenheimMainz - Gonsenheim\u00a0 \u00a0 \u00a0 \u00a0 \u00a0 \u00a0 \u00a0 \u00a0 \u00a0 \u00a0 \u00a0 \u00a0\u00a0Intensivkurs Tag Datum Thema Montag 23.03.2026\u00a0 01 + 02\u00a0 Dienstag 24.03.2026\u00a0 03 + 04 Mittwoch 25.03.2026\u00a0 05 + 06\u00a0 Donnerstag 26.03..2026\u00a0 07 + 08\u00a0 \u00a0Freitag\u2026","rel":"","context":"\u00c4hnlicher Beitrag","block_context":{"text":"\u00c4hnlicher Beitrag","link":""},"img":{"alt_text":"","src":"","width":0,"height":0},"classes":[]},{"id":2292,"url":"https:\/\/fahrschule-schleich.de\/?page_id=2292","url_meta":{"origin":2309,"position":3},"title":"Ausbildung","author":"","date":"Dezember 10, 2024","format":false,"excerpt":"Allgemeine Informationen rund um Deinen F\u00fchrerschein Pr\u00fcfungen Hier m\u00f6chten wir Dir ein paar Empfehlungen und Hinweise mit auf den Weg geben, die auf jahrzehntelanger Erfahrung beruhen. Wenn Du diese Tipps beachtest, wirst Du Deine Ausbildung schon bald erfolgreich abschlie\u00dfen k\u00f6nnen! Wir raten Dir ... - Deinen F\u00fchrerscheinantrag umgehend bei Deinem\u2026","rel":"","context":"\u00c4hnlicher Beitrag","block_context":{"text":"\u00c4hnlicher Beitrag","link":""},"img":{"alt_text":"","src":"","width":0,"height":0},"classes":[]},{"id":2327,"url":"https:\/\/fahrschule-schleich.de\/?page_id=2327","url_meta":{"origin":2309,"position":4},"title":"Unsere Fahrzeuge","author":"","date":"Dezember 10, 2024","format":false,"excerpt":"Hier stellen wir Dir die Fahrzeuge vor, welche bei uns f\u00fcr den Praktischen Unterricht sowie f\u00fcr die Pr\u00fcfungen zur Verf\u00fcgung stehen. Mercedes E-Klasse VW T-Roc Mercedes GLK Cupra Born Smart Motorr\u00e4der MAN TG 18","rel":"","context":"\u00c4hnlicher Beitrag","block_context":{"text":"\u00c4hnlicher Beitrag","link":""},"img":{"alt_text":"","src":"https:\/\/i0.wp.com\/fahrschule-schleich.de\/wp-content\/uploads\/2026\/01\/thumbnail1.jpg?resize=350%2C200&ssl=1","width":350,"height":200},"classes":[]},{"id":77,"url":"https:\/\/fahrschule-schleich.de\/?page_id=77","url_meta":{"origin":2309,"position":5},"title":"\u00dcber uns","author":"","date":"Dezember 10, 2024","format":false,"excerpt":"Der Name ist jedoch NICHT Programm!Die Fahrschule Schleich wurde 1974 von Hans Schleich gegr\u00fcndet.Dieser hatte damals zwei Filialen in Finthen und in Drais.B.R, der selbst Fahrsch\u00fcler in der Fahrschule Schleich war, absolvierte 1989 seine Fahrlehrerpr\u00fcfung in allen Klassen.Seit dem 01.01.2000 war er bei Fahrschule Schleich als Fahrlehrer angestellt.Am 01.07.2003 \u00fcbernahm\u2026","rel":"","context":"\u00c4hnlicher Beitrag","block_context":{"text":"\u00c4hnlicher Beitrag","link":""},"img":{"alt_text":"","src":"https:\/\/i0.wp.com\/fahrschule-schleich.de\/wp-content\/uploads\/2023\/03\/fs_logo-300x151.png?resize=350%2C200&ssl=1","width":350,"height":200},"classes":[]}],"jetpack_sharing_enabled":true,"_links":{"self":[{"href":"https:\/\/fahrschule-schleich.de\/index.php?rest_route=\/wp\/v2\/pages\/2309","targetHints":{"allow":["GET"]}}],"collection":[{"href":"https:\/\/fahrschule-schleich.de\/index.php?rest_route=\/wp\/v2\/pages"}],"about":[{"href":"https:\/\/fahrschule-schleich.de\/index.php?rest_route=\/wp\/v2\/types\/page"}],"author":[{"embeddable":true,"href":"https:\/\/fahrschule-schleich.de\/index.php?rest_route=\/wp\/v2\/users\/3"}],"replies":[{"embeddable":true,"href":"https:\/\/fahrschule-schleich.de\/index.php?rest_route=%2Fwp%2Fv2%2Fcomments&post=2309"}],"version-history":[{"count":38,"href":"https:\/\/fahrschule-schleich.de\/index.php?rest_route=\/wp\/v2\/pages\/2309\/revisions"}],"predecessor-version":[{"id":3626,"href":"https:\/\/fahrschule-schleich.de\/index.php?rest_route=\/wp\/v2\/pages\/2309\/revisions\/3626"}],"up":[{"embeddable":true,"href":"https:\/\/fahrschule-schleich.de\/index.php?rest_route=\/wp\/v2\/pages\/2292"}],"wp:attachment":[{"href":"https:\/\/fahrschule-schleich.de\/index.php?rest_route=%2Fwp%2Fv2%2Fmedia&parent=2309"}],"curies":[{"name":"wp","href":"https:\/\/api.w.org\/{rel}","templated":true}]}}